{"id":107,"date":"2017-04-30T17:32:25","date_gmt":"2017-04-30T15:32:25","guid":{"rendered":"https:\/\/www.sartrouville-escalade.fr\/worexp\/?page_id=107"},"modified":"2024-07-02T18:42:23","modified_gmt":"2024-07-02T16:42:23","slug":"inscription","status":"publish","type":"page","link":"https:\/\/www.sartrouville-escalade.fr\/worexp\/index.php\/inscription\/","title":{"rendered":"Inscription et espace licenci\u00e9"},"content":{"rendered":"<p style=\"text-align: left;\">Pour acc\u00e9der \u00e0 votre espace licenci\u00e9 : <a href=\"https:\/\/www.sartrouville-escalade.fr\/espacelicencie\/\" target=\"_blank\" rel=\"noopener\">https:\/\/www.sartrouville-escalade.fr\/espacelicencie\/<\/a> ou directement sur la page des pr\u00e9-inscriptions : <a href=\"https:\/\/www.sartrouville-escalade.fr\/inscription\/\" target=\"_blank\" rel=\"noopener noreferrer\">sartrouville-escalade.fr\/inscription\/<\/a><\/p>\n<p>Pr\u00e9sentation des cr\u00e9neaux : <a href=\"https:\/\/www.sartrouville-escalade.fr\/worexp\/index.php\/les-creneaux\/\">https:\/\/www.sartrouville-escalade.fr\/worexp\/index.php\/les-creneaux\/<\/a><\/p>\n<p>Le mat\u00e9riel n\u00e9cessaire : <a href=\"https:\/\/www.sartrouville-escalade.fr\/worexp\/index.php\/le-materiel-necessaire\/\">https:\/\/www.sartrouville-escalade.fr\/worexp\/index.php\/le-materiel-necessaire\/<\/a><\/p>\n","protected":false},"excerpt":{"rendered":"<p>Pour acc\u00e9der \u00e0 votre espace licenci\u00e9 : https:\/\/www.sartrouville-escalade.fr\/espacelicencie\/ ou directement sur la page des pr\u00e9-inscriptions : sartrouville-escalade.fr\/inscription\/ Pr\u00e9sentation des cr\u00e9neaux : https:\/\/www.sartrouville-escalade.fr\/worexp\/index.php\/les-creneaux\/ Le mat\u00e9riel n\u00e9cessaire : https:\/\/www.sartrouville-escalade.fr\/worexp\/index.php\/le-materiel-necessaire\/<\/p>\n","protected":false},"author":1,"featured_media":121,"parent":0,"menu_order":0,"comment_status":"closed","ping_status":"closed","template":"","meta":{"_bbp_topic_count":0,"_bbp_reply_count":0,"_bbp_total_topic_count":0,"_bbp_total_reply_count":0,"_bbp_voice_count":0,"_bbp_anonymous_reply_count":0,"_bbp_topic_count_hidden":0,"_bbp_reply_count_hidden":0,"_bbp_forum_subforum_count":0,"footnotes":""},"class_list":["post-107","page","type-page","status-publish","has-post-thumbnail","hentry"],"post_mailing_queue_ids":[],"_links":{"self":[{"href":"https:\/\/www.sartrouville-escalade.fr\/worexp\/index.php\/wp-json\/wp\/v2\/pages\/107","targetHints":{"allow":["GET"]}}],"collection":[{"href":"https:\/\/www.sartrouville-escalade.fr\/worexp\/index.php\/wp-json\/wp\/v2\/pages"}],"about":[{"href":"https:\/\/www.sartrouville-escalade.fr\/worexp\/index.php\/wp-json\/wp\/v2\/types\/page"}],"author":[{"embeddable":true,"href":"https:\/\/www.sartrouville-escalade.fr\/worexp\/index.php\/wp-json\/wp\/v2\/users\/1"}],"replies":[{"embeddable":true,"href":"https:\/\/www.sartrouville-escalade.fr\/worexp\/index.php\/wp-json\/wp\/v2\/comments?post=107"}],"version-history":[{"count":24,"href":"https:\/\/www.sartrouville-escalade.fr\/worexp\/index.php\/wp-json\/wp\/v2\/pages\/107\/revisions"}],"predecessor-version":[{"id":12656,"href":"https:\/\/www.sartrouville-escalade.fr\/worexp\/index.php\/wp-json\/wp\/v2\/pages\/107\/revisions\/12656"}],"wp:featuredmedia":[{"embeddable":true,"href":"https:\/\/www.sartrouville-escalade.fr\/worexp\/index.php\/wp-json\/wp\/v2\/media\/121"}],"wp:attachment":[{"href":"https:\/\/www.sartrouville-escalade.fr\/worexp\/index.php\/wp-json\/wp\/v2\/media?parent=107"}],"curies":[{"name":"wp","href":"https:\/\/api.w.org\/{rel}","templated":true}]}}