{"id":142,"date":"2017-05-01T18:06:36","date_gmt":"2017-05-01T16:06:36","guid":{"rendered":"https:\/\/www.sartrouville-escalade.fr\/worexp\/?page_id=142"},"modified":"2022-09-16T17:53:54","modified_gmt":"2022-09-16T15:53:54","slug":"le-bureau","status":"publish","type":"page","link":"https:\/\/www.sartrouville-escalade.fr\/worexp\/index.php\/blog\/le-bureau\/","title":{"rendered":"Le bureau"},"content":{"rendered":"\n<figure class=\"wp-block-image is-resized\"><img loading=\"lazy\" decoding=\"async\" src=\"https:\/\/www.sartrouville-escalade.fr\/worexp\/wp-content\/uploads\/2017\/05\/IMG_8786-e1493656693300-225x300.jpg\" alt=\"\" class=\"wp-image-163\" width=\"190\" height=\"236\"\/><\/figure>\n\n\n\n<pre class=\"wp-block-preformatted\"><strong>Fabien&nbsp;<\/strong>Pr\u00e9sident de la section. \nSp\u00e9cialit\u00e9: <em>aime les relais confortables.<\/em><\/pre>\n\n\n\n<figure class=\"wp-block-image is-resized\"><img loading=\"lazy\" decoding=\"async\" src=\"https:\/\/www.sartrouville-escalade.fr\/worexp\/wp-content\/uploads\/2017\/05\/DSC06492-e1493656238410-200x300.jpg\" alt=\"\" class=\"wp-image-160\" width=\"187\" height=\"256\"\/><\/figure>\n\n\n\n<pre class=\"wp-block-preformatted\"><strong>Jean-Luc&nbsp;<\/strong>Vice pr\u00e9sident.   \nSp\u00e9cialit\u00e9 : <em>la lecture des voies, m\u00eame apr\u00e8s travail<\/em>.<\/pre>\n\n\n\n<figure class=\"wp-block-image is-resized\"><img loading=\"lazy\" decoding=\"async\" src=\"https:\/\/www.sartrouville-escalade.fr\/worexp\/wp-content\/uploads\/2017\/05\/St\u00e9phane-e1505674308524-225x300.jpg\" alt=\"\" class=\"wp-image-252\" width=\"213\" height=\"260\"\/><\/figure>\n\n\n\n<pre class=\"wp-block-preformatted\"><strong>St\u00e9phane <\/strong>Secr\u00e9taire.                        \nSp\u00e9cialit\u00e9 : <em>les gros d\u00e9vers<\/em>.<\/pre>\n\n\n\n<figure class=\"wp-block-image size-large is-resized\"><img loading=\"lazy\" decoding=\"async\" src=\"https:\/\/www.sartrouville-escalade.fr\/worexp\/wp-content\/uploads\/2020\/06\/photocarole-1024x768.jpg\" alt=\"\" class=\"wp-image-10421\" width=\"217\" height=\"163\" srcset=\"https:\/\/www.sartrouville-escalade.fr\/worexp\/wp-content\/uploads\/2020\/06\/photocarole-1024x768.jpg 1024w, https:\/\/www.sartrouville-escalade.fr\/worexp\/wp-content\/uploads\/2020\/06\/photocarole-300x225.jpg 300w, https:\/\/www.sartrouville-escalade.fr\/worexp\/wp-content\/uploads\/2020\/06\/photocarole-768x576.jpg 768w, https:\/\/www.sartrouville-escalade.fr\/worexp\/wp-content\/uploads\/2020\/06\/photocarole-1536x1152.jpg 1536w, https:\/\/www.sartrouville-escalade.fr\/worexp\/wp-content\/uploads\/2020\/06\/photocarole-2048x1536.jpg 2048w\" sizes=\"auto, (max-width: 217px) 100vw, 217px\" \/><\/figure>\n\n\n\n<pre class=\"wp-block-preformatted\"><strong>Carole <\/strong>Secr\u00e9taire adjointe.                 \nSp\u00e9cialit\u00e9 : hyper-activit\u00e9 administrative.<\/pre>\n\n\n\n<figure class=\"wp-block-image size-large\"><img decoding=\"async\" src=\"https:\/\/www.sartrouville-escalade.fr\/worexp\/wp-content\/uploads\/2022\/09\/D9D9D87A-909D-4CC7-907A-FC4688E3814C-edited-1.jpeg\" alt=\"\" class=\"wp-image-11363\"\/><\/figure>\n\n\n\n<pre class=\"wp-block-preformatted\"><strong>Virginie <\/strong>Tr\u00e9sori\u00e8re .                \nSp\u00e9cialit\u00e9 : les podiums calcul\u00e9s chez les v\u00e9t\u00e9ranes.<\/pre>\n\n\n\n<p>Les autres&nbsp;b\u00e9n\u00e9voles actifs et membres du comit\u00e9 directeur : <\/p>\n\n\n\n<pre class=\"wp-block-preformatted\"><strong>S\u00e9bastien<\/strong> responsable des sorties adultes et des challenges microbes, poussins, benjamins, responsable des EPI.<\/pre>\n\n\n\n<div class=\"wp-block-image\"><figure class=\"alignright size-large is-resized\"><img loading=\"lazy\" decoding=\"async\" src=\"https:\/\/www.sartrouville-escalade.fr\/worexp\/wp-content\/uploads\/2020\/06\/1037632A-D548-4527-9CD2-5AC6EA5C8B36-576x1024.jpeg\" alt=\"\" class=\"wp-image-10411\" width=\"119\" height=\"211\" srcset=\"https:\/\/www.sartrouville-escalade.fr\/worexp\/wp-content\/uploads\/2020\/06\/1037632A-D548-4527-9CD2-5AC6EA5C8B36-576x1024.jpeg 576w, https:\/\/www.sartrouville-escalade.fr\/worexp\/wp-content\/uploads\/2020\/06\/1037632A-D548-4527-9CD2-5AC6EA5C8B36-169x300.jpeg 169w, https:\/\/www.sartrouville-escalade.fr\/worexp\/wp-content\/uploads\/2020\/06\/1037632A-D548-4527-9CD2-5AC6EA5C8B36-768x1366.jpeg 768w, https:\/\/www.sartrouville-escalade.fr\/worexp\/wp-content\/uploads\/2020\/06\/1037632A-D548-4527-9CD2-5AC6EA5C8B36-864x1536.jpeg 864w, https:\/\/www.sartrouville-escalade.fr\/worexp\/wp-content\/uploads\/2020\/06\/1037632A-D548-4527-9CD2-5AC6EA5C8B36-1151x2048.jpeg 1151w, https:\/\/www.sartrouville-escalade.fr\/worexp\/wp-content\/uploads\/2020\/06\/1037632A-D548-4527-9CD2-5AC6EA5C8B36-300x534.jpeg 300w, https:\/\/www.sartrouville-escalade.fr\/worexp\/wp-content\/uploads\/2020\/06\/1037632A-D548-4527-9CD2-5AC6EA5C8B36-scaled.jpeg 1439w\" sizes=\"auto, (max-width: 119px) 100vw, 119px\" \/><\/figure><\/div>\n\n\n\n<pre class=\"wp-block-preformatted\"><strong>Pierre<\/strong> \nVient de rejoindre le CA de la section, il sera notre expert juridique et responsable des EPI.\n\n\n\n<\/pre>\n\n\n\n<div class=\"wp-block-image\"><figure class=\"alignleft size-large is-resized\"><img loading=\"lazy\" decoding=\"async\" src=\"https:\/\/www.sartrouville-escalade.fr\/worexp\/wp-content\/uploads\/2020\/06\/106DEC82-98BA-4D2D-9E53-9C79EEADB4B6-1024x768.jpeg\" alt=\"\" class=\"wp-image-10406\" width=\"198\" height=\"149\" srcset=\"https:\/\/www.sartrouville-escalade.fr\/worexp\/wp-content\/uploads\/2020\/06\/106DEC82-98BA-4D2D-9E53-9C79EEADB4B6-1024x768.jpeg 1024w, https:\/\/www.sartrouville-escalade.fr\/worexp\/wp-content\/uploads\/2020\/06\/106DEC82-98BA-4D2D-9E53-9C79EEADB4B6-300x225.jpeg 300w, https:\/\/www.sartrouville-escalade.fr\/worexp\/wp-content\/uploads\/2020\/06\/106DEC82-98BA-4D2D-9E53-9C79EEADB4B6-768x576.jpeg 768w, https:\/\/www.sartrouville-escalade.fr\/worexp\/wp-content\/uploads\/2020\/06\/106DEC82-98BA-4D2D-9E53-9C79EEADB4B6-1536x1152.jpeg 1536w, https:\/\/www.sartrouville-escalade.fr\/worexp\/wp-content\/uploads\/2020\/06\/106DEC82-98BA-4D2D-9E53-9C79EEADB4B6-2048x1536.jpeg 2048w\" sizes=\"auto, (max-width: 198px) 100vw, 198px\" \/><\/figure><\/div>\n\n\n\n<pre class=\"wp-block-preformatted\"><strong>Lilou<\/strong> Membre du groupe comp\u00e9tition jeunes, juge de bloc niveau 1.                         Sp\u00e9cialit\u00e9 : si elle ne r\u00e2le pas elle ne grimpe pas. <\/pre>\n\n\n\n<div class=\"wp-block-image\"><figure class=\"alignright size-large is-resized\"><img decoding=\"async\" src=\"https:\/\/www.sartrouville-escalade.fr\/worexp\/wp-content\/uploads\/2021\/11\/SJIE1590-576x1024.jpg\" alt=\"\" class=\"wp-image-10984\" width=\"-433\" height=\"-770\" srcset=\"https:\/\/www.sartrouville-escalade.fr\/worexp\/wp-content\/uploads\/2021\/11\/SJIE1590-576x1024.jpg 576w, https:\/\/www.sartrouville-escalade.fr\/worexp\/wp-content\/uploads\/2021\/11\/SJIE1590-169x300.jpg 169w, https:\/\/www.sartrouville-escalade.fr\/worexp\/wp-content\/uploads\/2021\/11\/SJIE1590-768x1365.jpg 768w, https:\/\/www.sartrouville-escalade.fr\/worexp\/wp-content\/uploads\/2021\/11\/SJIE1590-300x533.jpg 300w, https:\/\/www.sartrouville-escalade.fr\/worexp\/wp-content\/uploads\/2021\/11\/SJIE1590.jpg 774w\" sizes=\"(max-width: 576px) 100vw, 576px\" \/><\/figure><\/div>\n\n\n\n<pre class=\"wp-block-preformatted\"><strong>Val\u00e8re<\/strong> Membre du groupe comp\u00e9tition jeunes ,juge de bloc. \nSp\u00e9cialit\u00e9 : plus c'est petit plus c'est un bac.<\/pre>\n\n\n\n<p><\/p>\n\n\n\n<p><\/p>\n","protected":false},"excerpt":{"rendered":"<p>Fabien&nbsp;Pr\u00e9sident de la section. Sp\u00e9cialit\u00e9: aime les relais confortables. Jean-Luc&nbsp;Vice pr\u00e9sident. Sp\u00e9cialit\u00e9 : la lecture des voies, m\u00eame apr\u00e8s travail. St\u00e9phane Secr\u00e9taire. Sp\u00e9cialit\u00e9 : les gros d\u00e9vers. Carole Secr\u00e9taire adjointe. &hellip; <a href=\"https:\/\/www.sartrouville-escalade.fr\/worexp\/index.php\/blog\/le-bureau\/\" class=\"more-link\">Continuer la lecture de <span class=\"screen-reader-text\">Le bureau<\/span>  <span class=\"meta-nav\">&rarr;<\/span><\/a><\/p>\n","protected":false},"author":1,"featured_media":166,"parent":10,"menu_order":1,"comment_status":"closed","ping_status":"closed","template":"","meta":{"_bbp_topic_count":0,"_bbp_reply_count":0,"_bbp_total_topic_count":0,"_bbp_total_reply_count":0,"_bbp_voice_count":0,"_bbp_anonymous_reply_count":0,"_bbp_topic_count_hidden":0,"_bbp_reply_count_hidden":0,"_bbp_forum_subforum_count":0,"footnotes":""},"class_list":["post-142","page","type-page","status-publish","has-post-thumbnail","hentry"],"post_mailing_queue_ids":[],"_links":{"self":[{"href":"https:\/\/www.sartrouville-escalade.fr\/worexp\/index.php\/wp-json\/wp\/v2\/pages\/142","targetHints":{"allow":["GET"]}}],"collection":[{"href":"https:\/\/www.sartrouville-escalade.fr\/worexp\/index.php\/wp-json\/wp\/v2\/pages"}],"about":[{"href":"https:\/\/www.sartrouville-escalade.fr\/worexp\/index.php\/wp-json\/wp\/v2\/types\/page"}],"author":[{"embeddable":true,"href":"https:\/\/www.sartrouville-escalade.fr\/worexp\/index.php\/wp-json\/wp\/v2\/users\/1"}],"replies":[{"embeddable":true,"href":"https:\/\/www.sartrouville-escalade.fr\/worexp\/index.php\/wp-json\/wp\/v2\/comments?post=142"}],"version-history":[{"count":26,"href":"https:\/\/www.sartrouville-escalade.fr\/worexp\/index.php\/wp-json\/wp\/v2\/pages\/142\/revisions"}],"predecessor-version":[{"id":12188,"href":"https:\/\/www.sartrouville-escalade.fr\/worexp\/index.php\/wp-json\/wp\/v2\/pages\/142\/revisions\/12188"}],"up":[{"embeddable":true,"href":"https:\/\/www.sartrouville-escalade.fr\/worexp\/index.php\/wp-json\/wp\/v2\/pages\/10"}],"wp:featuredmedia":[{"embeddable":true,"href":"https:\/\/www.sartrouville-escalade.fr\/worexp\/index.php\/wp-json\/wp\/v2\/media\/166"}],"wp:attachment":[{"href":"https:\/\/www.sartrouville-escalade.fr\/worexp\/index.php\/wp-json\/wp\/v2\/media?parent=142"}],"curies":[{"name":"wp","href":"https:\/\/api.w.org\/{rel}","templated":true}]}}