{"id":146,"date":"2017-05-01T18:11:34","date_gmt":"2017-05-01T16:11:34","guid":{"rendered":"https:\/\/www.sartrouville-escalade.fr\/worexp\/?page_id=146"},"modified":"2021-06-13T17:20:08","modified_gmt":"2021-06-13T15:20:08","slug":"espace-des-licencies","status":"publish","type":"page","link":"https:\/\/www.sartrouville-escalade.fr\/worexp\/index.php\/inscription\/espace-des-licencies\/","title":{"rendered":"Espace des licenci\u00e9s"},"content":{"rendered":"<p>Pour g\u00e9rer votre inscription, \u00e9diter vos documents manquants, consulter l&rsquo;avancement de votre dossier, g\u00e9n\u00e9rer votre attestation, r\u00e9pondre aux questionnaires, &#8230;.<\/p>\n<p>Cliquez sur ce lien : <a href=\"https:\/\/www.sartrouville-escalade.fr\/espacelicencie\/\" target=\"_blank\" rel=\"noopener\">https:\/\/www.sartrouville-escalade.fr\/espacelicencie\/<\/a><\/p>\n<p>Ou tentez l&rsquo;aventure en acc\u00e9dant directement au site via l&rsquo;espace ci-dessous (patientez quelques secondes) :<\/p>\n<hr>\n\n<!-- iframe plugin v.5.2 wordpress.org\/plugins\/iframe\/ -->\n<iframe loading=\"lazy\" src=\"https:\/\/www.sartrouville-escalade.fr\/espacelicencie\/?wp=1\" width=\"960\" height=\"700\" scrolling=\"yes\" class=\"iframe-class\" frameborder=\"0\"><\/iframe>\n\n<hr>\n","protected":false},"excerpt":{"rendered":"<p>Pour g\u00e9rer votre inscription, \u00e9diter vos documents manquants, consulter l&rsquo;avancement de votre dossier, g\u00e9n\u00e9rer votre attestation, r\u00e9pondre aux questionnaires, &#8230;. Cliquez sur ce lien : https:\/\/www.sartrouville-escalade.fr\/espacelicencie\/ Ou tentez l&rsquo;aventure en &hellip; <a href=\"https:\/\/www.sartrouville-escalade.fr\/worexp\/index.php\/inscription\/espace-des-licencies\/\" class=\"more-link\">Continuer la lecture de <span class=\"screen-reader-text\">Espace des licenci\u00e9s<\/span>  <span class=\"meta-nav\">&rarr;<\/span><\/a><\/p>\n","protected":false},"author":1,"featured_media":0,"parent":107,"menu_order":0,"comment_status":"closed","ping_status":"closed","template":"","meta":{"_bbp_topic_count":0,"_bbp_reply_count":0,"_bbp_total_topic_count":0,"_bbp_total_reply_count":0,"_bbp_voice_count":0,"_bbp_anonymous_reply_count":0,"_bbp_topic_count_hidden":0,"_bbp_reply_count_hidden":0,"_bbp_forum_subforum_count":0,"footnotes":""},"class_list":["post-146","page","type-page","status-publish","hentry"],"post_mailing_queue_ids":[],"_links":{"self":[{"href":"https:\/\/www.sartrouville-escalade.fr\/worexp\/index.php\/wp-json\/wp\/v2\/pages\/146","targetHints":{"allow":["GET"]}}],"collection":[{"href":"https:\/\/www.sartrouville-escalade.fr\/worexp\/index.php\/wp-json\/wp\/v2\/pages"}],"about":[{"href":"https:\/\/www.sartrouville-escalade.fr\/worexp\/index.php\/wp-json\/wp\/v2\/types\/page"}],"author":[{"embeddable":true,"href":"https:\/\/www.sartrouville-escalade.fr\/worexp\/index.php\/wp-json\/wp\/v2\/users\/1"}],"replies":[{"embeddable":true,"href":"https:\/\/www.sartrouville-escalade.fr\/worexp\/index.php\/wp-json\/wp\/v2\/comments?post=146"}],"version-history":[{"count":22,"href":"https:\/\/www.sartrouville-escalade.fr\/worexp\/index.php\/wp-json\/wp\/v2\/pages\/146\/revisions"}],"predecessor-version":[{"id":10823,"href":"https:\/\/www.sartrouville-escalade.fr\/worexp\/index.php\/wp-json\/wp\/v2\/pages\/146\/revisions\/10823"}],"up":[{"embeddable":true,"href":"https:\/\/www.sartrouville-escalade.fr\/worexp\/index.php\/wp-json\/wp\/v2\/pages\/107"}],"wp:attachment":[{"href":"https:\/\/www.sartrouville-escalade.fr\/worexp\/index.php\/wp-json\/wp\/v2\/media?parent=146"}],"curies":[{"name":"wp","href":"https:\/\/api.w.org\/{rel}","templated":true}]}}