{"id":150,"date":"2017-05-01T18:15:56","date_gmt":"2017-05-01T16:15:56","guid":{"rendered":"https:\/\/www.sartrouville-escalade.fr\/worexp\/?page_id=150"},"modified":"2025-06-21T23:10:48","modified_gmt":"2025-06-21T21:10:48","slug":"les-creneaux","status":"publish","type":"page","link":"https:\/\/www.sartrouville-escalade.fr\/worexp\/index.php\/inscription\/les-creneaux\/","title":{"rendered":"Les cr\u00e9neaux"},"content":{"rendered":"\n<p><strong>\u00ab\u00a0\u00c9cole Escalade\u00a0\u00bb :<\/strong> je grimpe en s\u00e9curit\u00e9, apprentissage des techniques de s\u00e9curit\u00e9 essentielles \u00e0 la progression du grimpeur.<\/p>\n\n\n\n<p>Obligatoire pour tous les d\u00e9butants adultes, enfants et la r\u00e9inscription des \u00ab anciens \u00bb du cr\u00e9neau \u00ab\u00a0Baby Microbe\u00a0\u00bb du samedi 11h15 (15 minutes plus tard pour cette saison 2025\/2026).<\/p>\n\n\n\n<p><strong>\u00ab\u00a0Escalade Loisir\u00a0\u00bb  :<\/strong> grimpe encadr\u00e9e, le plaisir avant tout.<\/p>\n\n\n\n<p>Enfants : apr\u00e8s un an d\u2019exp\u00e9rience d\u2019escalade, vous avez acc\u00e8s \u00e0 ces cr\u00e9neaux (un cours par semaine) dans le cadre d\u2019une pratique loisir.  Vous apprendrez \u00e0 grimper en t\u00eate et installer une moulinette. <\/p>\n\n\n\n<p>Adultes : apr\u00e8s l&rsquo;obtention du passeport jaune, vous pouvez grimper jusqu&rsquo;\u00e0 trois soirs par semaine sous surveillance d&rsquo;un encadrant.<\/p>\n\n\n\n<p><strong>\u00ab\u00a0Escalade Perfectionnement\u00a0\u00bb :<\/strong> s\u00e9ance d&rsquo;entra\u00eenement dirig\u00e9e par l&rsquo;encadrant.<\/p>\n\n\n\n<p>Enfants : apr\u00e8s deux ans d\u2019exp\u00e9rience d\u2019escalade.<\/p>\n\n\n\n<p>Adultes : passeport orange n\u00e9cessaire, un seul cr\u00e9neau perfectionnement accessible par semaine, vous pouvez venir grimper librement sur les cr\u00e9neaux \u00ab\u00a0loisir\u00a0\u00bb.<\/p>\n\n\n\n<p><strong>\u00ab\u00a0P\u00f4le Comp\u00e9tition\u00a0\u00bb :<\/strong> deux entra\u00eenements par semaine. <\/p>\n\n\n\n<p>La pr\u00e9sence \u00e0 ces deux cr\u00e9neaux est obligatoire.<\/p>\n\n\n\n<p>L\u2019inscription d\u00e9finitive des futur(e)s comp\u00e9titeurs (trices) est en fonction des pr\u00e9c\u00e9dents r\u00e9sultats sportifs ou via la s\u00e9lection organis\u00e9e par la section Escalade.<\/p>\n\n\n\n<p>Rappel, dans le cas des enfants (n\u00e9 entre 2009 et 2016 pour la saison 2025\/2026), la cotisation comp\u00e9tition est major\u00e9e.<\/p>\n\n\n\n<p>Participation obligatoire aux diff\u00e9rentes comp\u00e9titions propos\u00e9es par le club.<\/p>\n\n\n\n<p><strong>Tous nos cr\u00e9neaux sans exception sont encadr\u00e9s par des b\u00e9n\u00e9voles dipl\u00f4m\u00e9s de la F.F.M.E. ou par des encadrants professionnels du comit\u00e9 territorial des Yvelines (CT78).<\/strong><\/p>\n\n\n\n<div class=\"wp-block-buttons is-horizontal is-content-justification-center is-layout-flex wp-container-core-buttons-is-layout-499968f5 wp-block-buttons-is-layout-flex\">\n<div class=\"wp-block-button\"><a class=\"wp-block-button__link wp-element-button\" href=\"https:\/\/www.sartrouville-escalade.fr\/inscription\/img\/2026\/feuille_information_ESCALADE_2025-2026.pdf\" target=\"_blank\" rel=\"noreferrer noopener\">D\u00e9tails des cr\u00e9neaux 2025-2026 et feuille d&rsquo;information<\/a><\/div>\n<\/div>\n","protected":false},"excerpt":{"rendered":"<p>\u00ab\u00a0\u00c9cole Escalade\u00a0\u00bb : je grimpe en s\u00e9curit\u00e9, apprentissage des techniques de s\u00e9curit\u00e9 essentielles \u00e0 la progression du grimpeur. Obligatoire pour tous les d\u00e9butants adultes, enfants et la r\u00e9inscription des \u00ab &hellip; <a href=\"https:\/\/www.sartrouville-escalade.fr\/worexp\/index.php\/inscription\/les-creneaux\/\" class=\"more-link\">Continuer la lecture de <span class=\"screen-reader-text\">Les cr\u00e9neaux<\/span>  <span class=\"meta-nav\">&rarr;<\/span><\/a><\/p>\n","protected":false},"author":1,"featured_media":0,"parent":107,"menu_order":0,"comment_status":"closed","ping_status":"closed","template":"","meta":{"_bbp_topic_count":0,"_bbp_reply_count":0,"_bbp_total_topic_count":0,"_bbp_total_reply_count":0,"_bbp_voice_count":0,"_bbp_anonymous_reply_count":0,"_bbp_topic_count_hidden":0,"_bbp_reply_count_hidden":0,"_bbp_forum_subforum_count":0,"footnotes":""},"class_list":["post-150","page","type-page","status-publish","hentry"],"post_mailing_queue_ids":[],"_links":{"self":[{"href":"https:\/\/www.sartrouville-escalade.fr\/worexp\/index.php\/wp-json\/wp\/v2\/pages\/150","targetHints":{"allow":["GET"]}}],"collection":[{"href":"https:\/\/www.sartrouville-escalade.fr\/worexp\/index.php\/wp-json\/wp\/v2\/pages"}],"about":[{"href":"https:\/\/www.sartrouville-escalade.fr\/worexp\/index.php\/wp-json\/wp\/v2\/types\/page"}],"author":[{"embeddable":true,"href":"https:\/\/www.sartrouville-escalade.fr\/worexp\/index.php\/wp-json\/wp\/v2\/users\/1"}],"replies":[{"embeddable":true,"href":"https:\/\/www.sartrouville-escalade.fr\/worexp\/index.php\/wp-json\/wp\/v2\/comments?post=150"}],"version-history":[{"count":32,"href":"https:\/\/www.sartrouville-escalade.fr\/worexp\/index.php\/wp-json\/wp\/v2\/pages\/150\/revisions"}],"predecessor-version":[{"id":12999,"href":"https:\/\/www.sartrouville-escalade.fr\/worexp\/index.php\/wp-json\/wp\/v2\/pages\/150\/revisions\/12999"}],"up":[{"embeddable":true,"href":"https:\/\/www.sartrouville-escalade.fr\/worexp\/index.php\/wp-json\/wp\/v2\/pages\/107"}],"wp:attachment":[{"href":"https:\/\/www.sartrouville-escalade.fr\/worexp\/index.php\/wp-json\/wp\/v2\/media?parent=150"}],"curies":[{"name":"wp","href":"https:\/\/api.w.org\/{rel}","templated":true}]}}