{"id":4788,"date":"2022-02-17T14:19:43","date_gmt":"2022-02-17T13:19:43","guid":{"rendered":"https:\/\/www.sartrouville-escalade.fr\/worexp\/?page_id=4788"},"modified":"2022-11-20T08:36:00","modified_gmt":"2022-11-20T07:36:00","slug":"grimpe-libre-dimanche","status":"publish","type":"page","link":"https:\/\/www.sartrouville-escalade.fr\/worexp\/index.php\/grimpe-libre-dimanche\/","title":{"rendered":"Cr\u00e9neaux \u00ab\u00a0Grimpe libre\u00a0\u00bb Planning"},"content":{"rendered":"\n<p>L&rsquo;ESS Escalade propose au moins une fois par vacance scolaire un cr\u00e9neau Grimpe  libre. <\/p>\n\n\n\n<p>Pour qui ? : Les adultes licenci\u00e9s et autonomes (Passeport Orange) du club ESS. <\/p>\n\n\n\n<p><strong>Planning  saison 2022 \/ 2023 :<\/strong><\/p>\n\n\n\n<p>Vacances de la toussaint : les 25 et 27 octobre 2022<\/p>\n\n\n\n<p>Vacances de No\u00ebl : gymnase ferm\u00e9<\/p>\n\n\n\n<p>Vacances d&rsquo;hiver :  \u00e0 d\u00e9finir semaines du 20 F\u00e9vrier au 4 mars 2023<\/p>\n\n\n\n<p>Vacances de printemps : \u00e0 d\u00e9finir semaines du 24 Avril au 5 mai 2023<\/p>\n\n\n\n<p>Vacances d&rsquo;\u00e9t\u00e9 : \u00e0 d\u00e9finir semaine du 10 Juillet 2023<\/p>\n\n\n\n<p><\/p>\n\n\n\n<hr class=\"wp-block-separator has-css-opacity\" \/>\n","protected":false},"excerpt":{"rendered":"<p>L&rsquo;ESS Escalade propose au moins une fois par vacance scolaire un cr\u00e9neau Grimpe libre. Pour qui ? : Les adultes licenci\u00e9s et autonomes (Passeport Orange) du club ESS. Planning saison &hellip; <a href=\"https:\/\/www.sartrouville-escalade.fr\/worexp\/index.php\/grimpe-libre-dimanche\/\" class=\"more-link\">Continuer la lecture de <span class=\"screen-reader-text\">Cr\u00e9neaux \u00ab\u00a0Grimpe libre\u00a0\u00bb Planning<\/span>  <span class=\"meta-nav\">&rarr;<\/span><\/a><\/p>\n","protected":false},"author":27,"featured_media":0,"parent":0,"menu_order":0,"comment_status":"closed","ping_status":"closed","template":"","meta":{"_bbp_topic_count":0,"_bbp_reply_count":0,"_bbp_total_topic_count":0,"_bbp_total_reply_count":0,"_bbp_voice_count":0,"_bbp_anonymous_reply_count":0,"_bbp_topic_count_hidden":0,"_bbp_reply_count_hidden":0,"_bbp_forum_subforum_count":0,"footnotes":""},"class_list":["post-4788","page","type-page","status-publish","hentry"],"post_mailing_queue_ids":[],"_links":{"self":[{"href":"https:\/\/www.sartrouville-escalade.fr\/worexp\/index.php\/wp-json\/wp\/v2\/pages\/4788","targetHints":{"allow":["GET"]}}],"collection":[{"href":"https:\/\/www.sartrouville-escalade.fr\/worexp\/index.php\/wp-json\/wp\/v2\/pages"}],"about":[{"href":"https:\/\/www.sartrouville-escalade.fr\/worexp\/index.php\/wp-json\/wp\/v2\/types\/page"}],"author":[{"embeddable":true,"href":"https:\/\/www.sartrouville-escalade.fr\/worexp\/index.php\/wp-json\/wp\/v2\/users\/27"}],"replies":[{"embeddable":true,"href":"https:\/\/www.sartrouville-escalade.fr\/worexp\/index.php\/wp-json\/wp\/v2\/comments?post=4788"}],"version-history":[{"count":9,"href":"https:\/\/www.sartrouville-escalade.fr\/worexp\/index.php\/wp-json\/wp\/v2\/pages\/4788\/revisions"}],"predecessor-version":[{"id":11747,"href":"https:\/\/www.sartrouville-escalade.fr\/worexp\/index.php\/wp-json\/wp\/v2\/pages\/4788\/revisions\/11747"}],"wp:attachment":[{"href":"https:\/\/www.sartrouville-escalade.fr\/worexp\/index.php\/wp-json\/wp\/v2\/media?parent=4788"}],"curies":[{"name":"wp","href":"https:\/\/api.w.org\/{rel}","templated":true}]}}