{"id":87,"date":"2017-04-30T16:14:03","date_gmt":"2017-04-30T14:14:03","guid":{"rendered":"https:\/\/www.sartrouville-escalade.fr\/worexp\/?page_id=87"},"modified":"2023-10-11T19:01:36","modified_gmt":"2023-10-11T17:01:36","slug":"les-encadrants","status":"publish","type":"page","link":"https:\/\/www.sartrouville-escalade.fr\/worexp\/index.php\/blog\/les-encadrants\/","title":{"rendered":"Les encadrants"},"content":{"rendered":"<div class=\"wp-block-image\">\n<figure class=\"aligncenter\"><img loading=\"lazy\" decoding=\"async\" width=\"2560\" height=\"1440\" src=\"https:\/\/www.sartrouville-escalade.fr\/worexp\/wp-content\/uploads\/2022\/09\/DSC06430-e1493563326505-edited-scaled.jpg\" alt=\"\" class=\"wp-image-11358\" srcset=\"https:\/\/www.sartrouville-escalade.fr\/worexp\/wp-content\/uploads\/2022\/09\/DSC06430-e1493563326505-edited-scaled.jpg 2560w, https:\/\/www.sartrouville-escalade.fr\/worexp\/wp-content\/uploads\/2022\/09\/DSC06430-e1493563326505-edited-300x169.jpg 300w, https:\/\/www.sartrouville-escalade.fr\/worexp\/wp-content\/uploads\/2022\/09\/DSC06430-e1493563326505-edited-1024x576.jpg 1024w, https:\/\/www.sartrouville-escalade.fr\/worexp\/wp-content\/uploads\/2022\/09\/DSC06430-e1493563326505-edited-768x432.jpg 768w, https:\/\/www.sartrouville-escalade.fr\/worexp\/wp-content\/uploads\/2022\/09\/DSC06430-e1493563326505-edited-1536x864.jpg 1536w, https:\/\/www.sartrouville-escalade.fr\/worexp\/wp-content\/uploads\/2022\/09\/DSC06430-e1493563326505-edited-2048x1152.jpg 2048w\" sizes=\"auto, (max-width: 2560px) 100vw, 2560px\" \/><\/figure>\n<\/div>\n\n\n<pre class=\"wp-block-preformatted\"><strong>Thomas CHARIOT<\/strong>. Encadre le mercredi.\nResponsable du p\u00f4le comp\u00e9tition.\n\nSp\u00e9cialit\u00e9 : l'assurage en comp\u00e9tition un lendemain de f\u00eate.\n<\/pre>\n\n\n\n<figure class=\"wp-block-gallery aligncenter has-nested-images columns-default is-cropped wp-block-gallery-1 is-layout-flex wp-block-gallery-is-layout-flex\">\n<figure class=\"wp-block-image size-large\"><img loading=\"lazy\" decoding=\"async\" width=\"800\" height=\"600\" data-id=\"11351\" src=\"https:\/\/www.sartrouville-escalade.fr\/worexp\/wp-content\/uploads\/2022\/09\/WJQU2522-2.jpg\" alt=\"\" class=\"wp-image-11351\" srcset=\"https:\/\/www.sartrouville-escalade.fr\/worexp\/wp-content\/uploads\/2022\/09\/WJQU2522-2.jpg 800w, https:\/\/www.sartrouville-escalade.fr\/worexp\/wp-content\/uploads\/2022\/09\/WJQU2522-2-300x225.jpg 300w, https:\/\/www.sartrouville-escalade.fr\/worexp\/wp-content\/uploads\/2022\/09\/WJQU2522-2-768x576.jpg 768w\" sizes=\"auto, (max-width: 800px) 100vw, 800px\" \/><\/figure>\n<\/figure>\n\n\n\n<pre class=\"wp-block-preformatted\">\n<strong>Lucas GELPI<\/strong>. Encadre le jeudi.\nSp\u00e9cialit\u00e9 : oblig\u00e9 d'encadrer pour pouvoir grimper \u00e0 l'ESS.<\/pre>\n\n\n<div class=\"wp-block-image\">\n<figure class=\"aligncenter size-full is-resized\"><img loading=\"lazy\" decoding=\"async\" src=\"https:\/\/www.sartrouville-escalade.fr\/worexp\/wp-content\/uploads\/2021\/12\/P1020657.jpg\" alt=\"\" class=\"wp-image-11064\" width=\"305\" height=\"229\"\/><\/figure>\n<\/div>\n\n\n<pre class=\"wp-block-preformatted\"><strong>Maxime DORE<\/strong>. Encadre le mardi et le vendredi.\n\nSp\u00e9cialit\u00e9s : la r\u00e9ception sur un bras en bloc.<\/pre>\n\n\n<div class=\"wp-block-image\">\n<figure class=\"aligncenter size-full is-resized\"><img decoding=\"async\" src=\"https:\/\/www.sartrouville-escalade.fr\/worexp\/wp-content\/uploads\/2023\/10\/IMG_0486.jpeg\" alt=\"\" class=\"wp-image-12328\" width=\"-108\" height=\"-131\" srcset=\"https:\/\/www.sartrouville-escalade.fr\/worexp\/wp-content\/uploads\/2023\/10\/IMG_0486.jpeg 591w, https:\/\/www.sartrouville-escalade.fr\/worexp\/wp-content\/uploads\/2023\/10\/IMG_0486-246x300.jpeg 246w, https:\/\/www.sartrouville-escalade.fr\/worexp\/wp-content\/uploads\/2023\/10\/IMG_0486-300x365.jpeg 300w\" sizes=\"(max-width: 591px) 100vw, 591px\" \/><\/figure>\n<\/div>\n\n\n<p><\/p>\n\n\n\n<pre class=\"wp-block-preformatted\"><strong>Etienne VANDAMME.<\/strong> Encadre le samedi 10h00-17h30.\n\nSp\u00e9cialit\u00e9 : un vrai ninja.\n\n<\/pre>\n\n\n\n<p><\/p>\n","protected":false},"excerpt":{"rendered":"<p>Thomas CHARIOT. Encadre le mercredi. Responsable du p\u00f4le comp\u00e9tition. Sp\u00e9cialit\u00e9 : l&rsquo;assurage en comp\u00e9tition un lendemain de f\u00eate. Lucas GELPI. Encadre le jeudi. Sp\u00e9cialit\u00e9 : oblig\u00e9 d&rsquo;encadrer pour pouvoir grimper &hellip; <a href=\"https:\/\/www.sartrouville-escalade.fr\/worexp\/index.php\/blog\/les-encadrants\/\" class=\"more-link\">Continuer la lecture de <span class=\"screen-reader-text\">Les encadrants<\/span>  <span class=\"meta-nav\">&rarr;<\/span><\/a><\/p>\n","protected":false},"author":1,"featured_media":95,"parent":10,"menu_order":2,"comment_status":"closed","ping_status":"closed","template":"","meta":{"_bbp_topic_count":0,"_bbp_reply_count":0,"_bbp_total_topic_count":0,"_bbp_total_reply_count":0,"_bbp_voice_count":0,"_bbp_anonymous_reply_count":0,"_bbp_topic_count_hidden":0,"_bbp_reply_count_hidden":0,"_bbp_forum_subforum_count":0,"footnotes":""},"class_list":["post-87","page","type-page","status-publish","has-post-thumbnail","hentry"],"post_mailing_queue_ids":[],"_links":{"self":[{"href":"https:\/\/www.sartrouville-escalade.fr\/worexp\/index.php\/wp-json\/wp\/v2\/pages\/87","targetHints":{"allow":["GET"]}}],"collection":[{"href":"https:\/\/www.sartrouville-escalade.fr\/worexp\/index.php\/wp-json\/wp\/v2\/pages"}],"about":[{"href":"https:\/\/www.sartrouville-escalade.fr\/worexp\/index.php\/wp-json\/wp\/v2\/types\/page"}],"author":[{"embeddable":true,"href":"https:\/\/www.sartrouville-escalade.fr\/worexp\/index.php\/wp-json\/wp\/v2\/users\/1"}],"replies":[{"embeddable":true,"href":"https:\/\/www.sartrouville-escalade.fr\/worexp\/index.php\/wp-json\/wp\/v2\/comments?post=87"}],"version-history":[{"count":20,"href":"https:\/\/www.sartrouville-escalade.fr\/worexp\/index.php\/wp-json\/wp\/v2\/pages\/87\/revisions"}],"predecessor-version":[{"id":12329,"href":"https:\/\/www.sartrouville-escalade.fr\/worexp\/index.php\/wp-json\/wp\/v2\/pages\/87\/revisions\/12329"}],"up":[{"embeddable":true,"href":"https:\/\/www.sartrouville-escalade.fr\/worexp\/index.php\/wp-json\/wp\/v2\/pages\/10"}],"wp:featuredmedia":[{"embeddable":true,"href":"https:\/\/www.sartrouville-escalade.fr\/worexp\/index.php\/wp-json\/wp\/v2\/media\/95"}],"wp:attachment":[{"href":"https:\/\/www.sartrouville-escalade.fr\/worexp\/index.php\/wp-json\/wp\/v2\/media?parent=87"}],"curies":[{"name":"wp","href":"https:\/\/api.w.org\/{rel}","templated":true}]}}