{"id":12381,"date":"2024-02-11T21:56:28","date_gmt":"2024-02-11T20:56:28","guid":{"rendered":"https:\/\/www.sartrouville-escalade.fr\/worexp\/?post_type=product&#038;p=12381"},"modified":"2026-04-11T23:51:23","modified_gmt":"2026-04-11T21:51:23","slug":"tickets-arkose","status":"publish","type":"product","link":"https:\/\/www.sartrouville-escalade.fr\/worexp\/index.php\/produit\/tickets-arkose\/","title":{"rendered":"Entr\u00e9e ARKOSE r\u00e9serv\u00e9s aux adh\u00e9rents)"},"content":{"rendered":"<h4>Le club vous propose des E<strong>ntr\u00e9es<\/strong> pour les salles d\u2019escalade \u00ab <strong>Arkose\u00a0\u00bb<\/strong> \u00e0 tarif r\u00e9duit.<\/h4>\n<p><em>8\u20ac l&rsquo;entr\u00e9e, contre 18\u20ac<\/em><\/p>\n<p><strong>RESERVE AUX ADHERENTS DU CLUB<\/strong><\/p>\n<p>Valable dans toutes les salles du groupe sans limitation de dur\u00e9e.<\/p>\n<p><strong>Vendus par 10 .<\/strong><\/p>\n<p>R\u00e8glement par virement \u00e0 l&rsquo;ESS escalade (pas de r\u00e8glement en liquide ni en ch\u00e8que).<br \/>\nLes coordonn\u00e9es bancaires du club vous sont indiqu\u00e9es suite \u00e0 la validation de votre panier puis rappel\u00e9es dans le mail de confirmation de votre commande.<br \/>\nLes entr\u00e9es sont d\u00e9mat\u00e9rialis\u00e9es, \u00e0 r\u00e9ception du r\u00e8glement, vous recevrez un code par entr\u00e9e command\u00e9e, envoy\u00e9 sur votre adresse mail.<\/p>\n","protected":false},"excerpt":{"rendered":"<p>Le club vous propose des Entr\u00e9es pour les salles d\u2019escalade \u00ab Arkose\u00a0\u00bb \u00e0 tarif r\u00e9duit. 8\u20ac l&rsquo;entr\u00e9e, contre 18\u20ac RESERVE AUX ADHERENTS DU CLUB Valable dans toutes les salles du &hellip; <a href=\"https:\/\/www.sartrouville-escalade.fr\/worexp\/index.php\/produit\/tickets-arkose\/\" class=\"more-link\">Continuer la lecture de <span class=\"screen-reader-text\">Entr\u00e9e ARKOSE r\u00e9serv\u00e9s aux adh\u00e9rents)<\/span>  <span class=\"meta-nav\">&rarr;<\/span><\/a><\/p>\n","protected":false},"featured_media":0,"template":"","meta":{"_bbp_topic_count":0,"_bbp_reply_count":0,"_bbp_total_topic_count":0,"_bbp_total_reply_count":0,"_bbp_voice_count":0,"_bbp_anonymous_reply_count":0,"_bbp_topic_count_hidden":0,"_bbp_reply_count_hidden":0,"_bbp_forum_subforum_count":0},"product_brand":[],"product_cat":[67],"product_tag":[],"class_list":{"0":"post-12381","1":"product","2":"type-product","3":"status-publish","5":"product_cat-billets","7":"first","8":"instock","9":"sale","10":"featured","11":"downloadable","12":"shipping-taxable","13":"purchasable","14":"product-type-simple"},"post_mailing_queue_ids":[],"_links":{"self":[{"href":"https:\/\/www.sartrouville-escalade.fr\/worexp\/index.php\/wp-json\/wp\/v2\/product\/12381","targetHints":{"allow":["GET"]}}],"collection":[{"href":"https:\/\/www.sartrouville-escalade.fr\/worexp\/index.php\/wp-json\/wp\/v2\/product"}],"about":[{"href":"https:\/\/www.sartrouville-escalade.fr\/worexp\/index.php\/wp-json\/wp\/v2\/types\/product"}],"wp:attachment":[{"href":"https:\/\/www.sartrouville-escalade.fr\/worexp\/index.php\/wp-json\/wp\/v2\/media?parent=12381"}],"wp:term":[{"taxonomy":"product_brand","embeddable":true,"href":"https:\/\/www.sartrouville-escalade.fr\/worexp\/index.php\/wp-json\/wp\/v2\/product_brand?post=12381"},{"taxonomy":"product_cat","embeddable":true,"href":"https:\/\/www.sartrouville-escalade.fr\/worexp\/index.php\/wp-json\/wp\/v2\/product_cat?post=12381"},{"taxonomy":"product_tag","embeddable":true,"href":"https:\/\/www.sartrouville-escalade.fr\/worexp\/index.php\/wp-json\/wp\/v2\/product_tag?post=12381"}],"curies":[{"name":"wp","href":"https:\/\/api.w.org\/{rel}","templated":true}]}}