{"id":12797,"date":"2025-01-04T16:24:52","date_gmt":"2025-01-04T15:24:52","guid":{"rendered":"https:\/\/www.sartrouville-escalade.fr\/worexp\/?post_type=product&#038;p=12797"},"modified":"2026-04-12T09:14:29","modified_gmt":"2026-04-12T07:14:29","slug":"tickets-vertical-art-st-quentin-reserves-aux-adherents","status":"publish","type":"product","link":"https:\/\/www.sartrouville-escalade.fr\/worexp\/index.php\/produit\/tickets-vertical-art-st-quentin-reserves-aux-adherents\/","title":{"rendered":"TICKETS VERTICAL ART ST QUENTIN (r\u00e9serv\u00e9s aux adh\u00e9rents)"},"content":{"rendered":"<h4>Le club vous propose des entr\u00e9es pour la salle\u00a0 VERTICAL ART ST QUENTIN\u00a0 \u00e0 tarif r\u00e9duit.<\/h4>\n<p><strong>RESERVE AUX ADHERENTS DU CLUB<\/strong><\/p>\n<p>valable uniquement \u00e0 St Quentin<\/p>\n<p>R\u00e8glement par virement \u00e0 l&rsquo;ordre de l&rsquo;ESS Escalade\u00a0 (pas de r\u00e8glement en liquide ni de ch\u00e8que)<\/p>\n<p>Les coordonn\u00e9es bancaires du club vous sont indiqu\u00e9es suite \u00e0 la validation de votre panier puis rappel\u00e9es dans le mail de confirmation de votre commande.<br \/>\nLes entr\u00e9es sont sous format papier. Remise possible sur RDV sur Houilles ou au gymnase apr\u00e8s r\u00e9ception du paiement<\/p>\n","protected":false},"excerpt":{"rendered":"<p>Le club vous propose des entr\u00e9es pour la salle\u00a0 VERTICAL ART ST QUENTIN\u00a0 \u00e0 tarif r\u00e9duit. RESERVE AUX ADHERENTS DU CLUB valable uniquement \u00e0 St Quentin R\u00e8glement par virement \u00e0 &hellip; <a href=\"https:\/\/www.sartrouville-escalade.fr\/worexp\/index.php\/produit\/tickets-vertical-art-st-quentin-reserves-aux-adherents\/\" class=\"more-link\">Continuer la lecture de <span class=\"screen-reader-text\">TICKETS VERTICAL ART ST QUENTIN (r\u00e9serv\u00e9s aux adh\u00e9rents)<\/span>  <span class=\"meta-nav\">&rarr;<\/span><\/a><\/p>\n","protected":false},"featured_media":0,"template":"","meta":{"_bbp_topic_count":0,"_bbp_reply_count":0,"_bbp_total_topic_count":0,"_bbp_total_reply_count":0,"_bbp_voice_count":0,"_bbp_anonymous_reply_count":0,"_bbp_topic_count_hidden":0,"_bbp_reply_count_hidden":0,"_bbp_forum_subforum_count":0},"product_brand":[],"product_cat":[67],"product_tag":[],"class_list":{"0":"post-12797","1":"product","2":"type-product","3":"status-publish","5":"product_cat-billets","7":"first","8":"outofstock","9":"sale","10":"shipping-taxable","11":"purchasable","12":"product-type-simple"},"post_mailing_queue_ids":[],"_links":{"self":[{"href":"https:\/\/www.sartrouville-escalade.fr\/worexp\/index.php\/wp-json\/wp\/v2\/product\/12797","targetHints":{"allow":["GET"]}}],"collection":[{"href":"https:\/\/www.sartrouville-escalade.fr\/worexp\/index.php\/wp-json\/wp\/v2\/product"}],"about":[{"href":"https:\/\/www.sartrouville-escalade.fr\/worexp\/index.php\/wp-json\/wp\/v2\/types\/product"}],"wp:attachment":[{"href":"https:\/\/www.sartrouville-escalade.fr\/worexp\/index.php\/wp-json\/wp\/v2\/media?parent=12797"}],"wp:term":[{"taxonomy":"product_brand","embeddable":true,"href":"https:\/\/www.sartrouville-escalade.fr\/worexp\/index.php\/wp-json\/wp\/v2\/product_brand?post=12797"},{"taxonomy":"product_cat","embeddable":true,"href":"https:\/\/www.sartrouville-escalade.fr\/worexp\/index.php\/wp-json\/wp\/v2\/product_cat?post=12797"},{"taxonomy":"product_tag","embeddable":true,"href":"https:\/\/www.sartrouville-escalade.fr\/worexp\/index.php\/wp-json\/wp\/v2\/product_tag?post=12797"}],"curies":[{"name":"wp","href":"https:\/\/api.w.org\/{rel}","templated":true}]}}