{"id":12950,"date":"2025-06-19T14:43:33","date_gmt":"2025-06-19T12:43:33","guid":{"rendered":"https:\/\/www.sartrouville-escalade.fr\/worexp\/?post_type=product&#038;p=12950"},"modified":"2025-11-19T17:22:41","modified_gmt":"2025-11-19T16:22:41","slug":"sweat-unisex","status":"publish","type":"product","link":"https:\/\/www.sartrouville-escalade.fr\/worexp\/index.php\/produit\/sweat-unisex\/","title":{"rendered":"Sweat adulte unisex"},"content":{"rendered":"<p>SWEAT adulte unisex<\/p>\n<p><strong>Description<\/strong><\/p>\n<ul>\n<li>Manches mont\u00e9es<\/li>\n<li>Poche kangourou devant<\/li>\n<li>Capuche non doubl\u00e9e<\/li>\n<li>Doublure polaire bross\u00e9e<\/li>\n<li>Poignets en bord c\u00f4te \u00e9lasthanne<\/li>\n<li>Coupe cintr\u00e9e<\/li>\n<li>50\u00a0% coton ring-spun \/ 50\u00a0% polyester<\/li>\n<\/ul>\n<p><strong>Informations<\/strong><\/p>\n<ul id=\"productInfo\">\n<li>\n<table class=\"attributes table table-striped table-hover\">\n<tbody>\n<tr>\n<th>Certificats de production<\/th>\n<td>V\u00e9g\u00e9talien<br \/>\nFair Working Conditions<br \/>\nOeko-Tex 100<\/td>\n<\/tr>\n<tr>\n<th>Grammage en g\/m\u00b2<\/th>\n<td>280 g\/m\u00b2<\/td>\n<\/tr>\n<tr>\n<th>Composition<\/th>\n<td>50% coton \/ 50% polyester<\/td>\n<\/tr>\n<tr>\n<th>Oeko-Tex<\/th>\n<td>OEKO-TEX\u00ae STANDARD 100: CQ 1094\/1 IFHT<\/td>\n<\/tr>\n<tr>\n<th>Couleur<\/th>\n<td>Unicolore<br \/>\nTachet\u00e9<\/td>\n<\/tr>\n<tr>\n<th>Etiquette<\/th>\n<td>Sans \u00e9tiquette (au cou\/\u00e0 la taille)<\/td>\n<\/tr>\n<tr>\n<th>Col \/ Cou<\/th>\n<td>Avec capuche<\/td>\n<\/tr>\n<tr>\n<th>Instructions de lavage<\/th>\n<td>Lavable \u00e0 30 \u00b0C<br \/>\nRepassage autoris\u00e9<\/td>\n<\/tr>\n<tr>\n<th>Sweat \/ &#8211; vestes (d\u00e9tails)<\/th>\n<td>Hoodies<\/td>\n<\/tr>\n<tr>\n<th>Coupe<\/th>\n<td>Regular Fit<\/td>\n<\/tr>\n<tr>\n<th>Manches<\/th>\n<td>Set-in<\/td>\n<\/tr>\n<tr>\n<th>Finition<\/th>\n<td>Int\u00e9rieur gratt\u00e9<br \/>\nCoutures lat\u00e9rales<\/td>\n<\/tr>\n<\/tbody>\n<\/table>\n<\/li>\n<\/ul>\n<p><strong>Visuel avec logo du club<\/strong><\/p>\n<p><b><img loading=\"lazy\" decoding=\"async\" class=\"alignnone size-medium wp-image-12965\" src=\"https:\/\/www.sartrouville-escalade.fr\/worexp\/wp-content\/uploads\/2025\/06\/violet-front-250x300.jpg\" alt=\"\" width=\"250\" height=\"300\" srcset=\"https:\/\/www.sartrouville-escalade.fr\/worexp\/wp-content\/uploads\/2025\/06\/violet-front-250x300.jpg 250w, https:\/\/www.sartrouville-escalade.fr\/worexp\/wp-content\/uploads\/2025\/06\/violet-front-853x1024.jpg 853w, https:\/\/www.sartrouville-escalade.fr\/worexp\/wp-content\/uploads\/2025\/06\/violet-front-768x921.jpg 768w, https:\/\/www.sartrouville-escalade.fr\/worexp\/wp-content\/uploads\/2025\/06\/violet-front-300x360.jpg 300w, https:\/\/www.sartrouville-escalade.fr\/worexp\/wp-content\/uploads\/2025\/06\/violet-front.jpg 1001w\" sizes=\"auto, (max-width: 250px) 100vw, 250px\" \/><\/b><\/p>\n<p><b> <img loading=\"lazy\" decoding=\"async\" class=\"alignnone size-medium wp-image-12966\" src=\"https:\/\/www.sartrouville-escalade.fr\/worexp\/wp-content\/uploads\/2025\/06\/aqua-front-300x289.jpg\" alt=\"\" width=\"300\" height=\"289\" srcset=\"https:\/\/www.sartrouville-escalade.fr\/worexp\/wp-content\/uploads\/2025\/06\/aqua-front-300x289.jpg 300w, https:\/\/www.sartrouville-escalade.fr\/worexp\/wp-content\/uploads\/2025\/06\/aqua-front-1024x988.jpg 1024w, https:\/\/www.sartrouville-escalade.fr\/worexp\/wp-content\/uploads\/2025\/06\/aqua-front-768x741.jpg 768w, https:\/\/www.sartrouville-escalade.fr\/worexp\/wp-content\/uploads\/2025\/06\/aqua-front.jpg 1245w\" sizes=\"auto, (max-width: 300px) 100vw, 300px\" \/><\/b><\/p>\n<p><b> <img loading=\"lazy\" decoding=\"async\" class=\"alignnone size-medium wp-image-12967\" src=\"https:\/\/www.sartrouville-escalade.fr\/worexp\/wp-content\/uploads\/2025\/06\/violet-dos-201x300.jpg\" alt=\"\" width=\"201\" height=\"300\" srcset=\"https:\/\/www.sartrouville-escalade.fr\/worexp\/wp-content\/uploads\/2025\/06\/violet-dos-201x300.jpg 201w, https:\/\/www.sartrouville-escalade.fr\/worexp\/wp-content\/uploads\/2025\/06\/violet-dos-686x1024.jpg 686w, https:\/\/www.sartrouville-escalade.fr\/worexp\/wp-content\/uploads\/2025\/06\/violet-dos-768x1146.jpg 768w, https:\/\/www.sartrouville-escalade.fr\/worexp\/wp-content\/uploads\/2025\/06\/violet-dos-300x448.jpg 300w, https:\/\/www.sartrouville-escalade.fr\/worexp\/wp-content\/uploads\/2025\/06\/violet-dos.jpg 805w\" sizes=\"auto, (max-width: 201px) 100vw, 201px\" \/><\/b><\/p>\n<p><b> <img loading=\"lazy\" decoding=\"async\" class=\"alignnone size-medium wp-image-12968\" src=\"https:\/\/www.sartrouville-escalade.fr\/worexp\/wp-content\/uploads\/2025\/06\/aqua-dos-sans-capuche-231x300.jpg\" alt=\"\" width=\"231\" height=\"300\" srcset=\"https:\/\/www.sartrouville-escalade.fr\/worexp\/wp-content\/uploads\/2025\/06\/aqua-dos-sans-capuche-231x300.jpg 231w, https:\/\/www.sartrouville-escalade.fr\/worexp\/wp-content\/uploads\/2025\/06\/aqua-dos-sans-capuche-787x1024.jpg 787w, https:\/\/www.sartrouville-escalade.fr\/worexp\/wp-content\/uploads\/2025\/06\/aqua-dos-sans-capuche-768x999.jpg 768w, https:\/\/www.sartrouville-escalade.fr\/worexp\/wp-content\/uploads\/2025\/06\/aqua-dos-sans-capuche-300x390.jpg 300w, https:\/\/www.sartrouville-escalade.fr\/worexp\/wp-content\/uploads\/2025\/06\/aqua-dos-sans-capuche.jpg 923w\" sizes=\"auto, (max-width: 231px) 100vw, 231px\" \/><\/b><\/p>\n<p>&nbsp;<\/p>\n","protected":false},"excerpt":{"rendered":"<p>SWEAT adulte unisex Description Manches mont\u00e9es Poche kangourou devant Capuche non doubl\u00e9e Doublure polaire bross\u00e9e Poignets en bord c\u00f4te \u00e9lasthanne Coupe cintr\u00e9e 50\u00a0% coton ring-spun \/ 50\u00a0% polyester Informations Certificats &hellip; <a href=\"https:\/\/www.sartrouville-escalade.fr\/worexp\/index.php\/produit\/sweat-unisex\/\" class=\"more-link\">Continuer la lecture de <span class=\"screen-reader-text\">Sweat adulte unisex<\/span>  <span class=\"meta-nav\">&rarr;<\/span><\/a><\/p>\n","protected":false},"featured_media":12967,"template":"","meta":{"_bbp_topic_count":0,"_bbp_reply_count":0,"_bbp_total_topic_count":0,"_bbp_total_reply_count":0,"_bbp_voice_count":0,"_bbp_anonymous_reply_count":0,"_bbp_topic_count_hidden":0,"_bbp_reply_count_hidden":0,"_bbp_forum_subforum_count":0},"product_brand":[],"product_cat":[81,80],"product_tag":[],"class_list":{"0":"post-12950","1":"product","2":"type-product","3":"status-publish","4":"has-post-thumbnail","6":"product_cat-sweat_homme","7":"product_cat-sweats","10":"first","11":"instock","12":"shipping-taxable","13":"purchasable","14":"product-type-variable"},"post_mailing_queue_ids":[],"_links":{"self":[{"href":"https:\/\/www.sartrouville-escalade.fr\/worexp\/index.php\/wp-json\/wp\/v2\/product\/12950","targetHints":{"allow":["GET"]}}],"collection":[{"href":"https:\/\/www.sartrouville-escalade.fr\/worexp\/index.php\/wp-json\/wp\/v2\/product"}],"about":[{"href":"https:\/\/www.sartrouville-escalade.fr\/worexp\/index.php\/wp-json\/wp\/v2\/types\/product"}],"wp:featuredmedia":[{"embeddable":true,"href":"https:\/\/www.sartrouville-escalade.fr\/worexp\/index.php\/wp-json\/wp\/v2\/media\/12967"}],"wp:attachment":[{"href":"https:\/\/www.sartrouville-escalade.fr\/worexp\/index.php\/wp-json\/wp\/v2\/media?parent=12950"}],"wp:term":[{"taxonomy":"product_brand","embeddable":true,"href":"https:\/\/www.sartrouville-escalade.fr\/worexp\/index.php\/wp-json\/wp\/v2\/product_brand?post=12950"},{"taxonomy":"product_cat","embeddable":true,"href":"https:\/\/www.sartrouville-escalade.fr\/worexp\/index.php\/wp-json\/wp\/v2\/product_cat?post=12950"},{"taxonomy":"product_tag","embeddable":true,"href":"https:\/\/www.sartrouville-escalade.fr\/worexp\/index.php\/wp-json\/wp\/v2\/product_tag?post=12950"}],"curies":[{"name":"wp","href":"https:\/\/api.w.org\/{rel}","templated":true}]}}