{"id":4807,"date":"2020-06-26T19:10:42","date_gmt":"2020-06-26T17:10:42","guid":{"rendered":"https:\/\/www.sartrouville-escalade.fr\/worexp\/?post_type=product&#038;p=4807"},"modified":"2025-12-08T22:02:27","modified_gmt":"2025-12-08T21:02:27","slug":"billets-vertical-art","status":"publish","type":"product","link":"https:\/\/www.sartrouville-escalade.fr\/worexp\/index.php\/produit\/billets-vertical-art\/","title":{"rendered":"Tickets Vertical Art (RESERVES AUX ADHERENTS)"},"content":{"rendered":"<h4>Le club vous propose des entr\u00e9es pour les salles du r\u00e9seau VERTICAL ART \u00e0 tarif r\u00e9duit.<\/h4>\n<p><strong>RESERVE AUX ADHERENTS DU CLUB<\/strong><\/p>\n<p>valable dans toutes les salles du groupe<\/p>\n<p>R\u00e8glement par virement \u00e0 l&rsquo;ordre de l&rsquo;ESS Escalade\u00a0 (pas de r\u00e8glement en liquide ni de ch\u00e8que)<\/p>\n<p>Les coordonn\u00e9es bancaires du club vous sont indiqu\u00e9es suite \u00e0 la validation de votre panier puis rappel\u00e9es dans le mail de confirmation de votre commande.<br \/>\nLes entr\u00e9es sont sous format papier. Remise possible sur RDV sur Houilles ou au gymnase apr\u00e8s r\u00e9ception du paiement<\/p>\n","protected":false},"excerpt":{"rendered":"<p>Le club vous propose des entr\u00e9es pour les salles du r\u00e9seau VERTICAL ART \u00e0 tarif r\u00e9duit. RESERVE AUX ADHERENTS DU CLUB valable dans toutes les salles du groupe R\u00e8glement par &hellip; <a href=\"https:\/\/www.sartrouville-escalade.fr\/worexp\/index.php\/produit\/billets-vertical-art\/\" class=\"more-link\">Continuer la lecture de <span class=\"screen-reader-text\">Tickets Vertical Art (RESERVES AUX ADHERENTS)<\/span>  <span class=\"meta-nav\">&rarr;<\/span><\/a><\/p>\n","protected":false},"featured_media":0,"template":"","meta":{"_bbp_topic_count":0,"_bbp_reply_count":0,"_bbp_total_topic_count":0,"_bbp_total_reply_count":0,"_bbp_voice_count":0,"_bbp_anonymous_reply_count":0,"_bbp_topic_count_hidden":0,"_bbp_reply_count_hidden":0,"_bbp_forum_subforum_count":0},"product_brand":[],"product_cat":[67],"product_tag":[],"class_list":{"0":"post-4807","1":"product","2":"type-product","3":"status-publish","5":"product_cat-billets","7":"first","8":"outofstock","9":"sale","10":"shipping-taxable","11":"purchasable","12":"product-type-simple"},"post_mailing_queue_ids":[],"_links":{"self":[{"href":"https:\/\/www.sartrouville-escalade.fr\/worexp\/index.php\/wp-json\/wp\/v2\/product\/4807","targetHints":{"allow":["GET"]}}],"collection":[{"href":"https:\/\/www.sartrouville-escalade.fr\/worexp\/index.php\/wp-json\/wp\/v2\/product"}],"about":[{"href":"https:\/\/www.sartrouville-escalade.fr\/worexp\/index.php\/wp-json\/wp\/v2\/types\/product"}],"wp:attachment":[{"href":"https:\/\/www.sartrouville-escalade.fr\/worexp\/index.php\/wp-json\/wp\/v2\/media?parent=4807"}],"wp:term":[{"taxonomy":"product_brand","embeddable":true,"href":"https:\/\/www.sartrouville-escalade.fr\/worexp\/index.php\/wp-json\/wp\/v2\/product_brand?post=4807"},{"taxonomy":"product_cat","embeddable":true,"href":"https:\/\/www.sartrouville-escalade.fr\/worexp\/index.php\/wp-json\/wp\/v2\/product_cat?post=4807"},{"taxonomy":"product_tag","embeddable":true,"href":"https:\/\/www.sartrouville-escalade.fr\/worexp\/index.php\/wp-json\/wp\/v2\/product_tag?post=4807"}],"curies":[{"name":"wp","href":"https:\/\/api.w.org\/{rel}","templated":true}]}}