{"id":5440,"date":"2019-11-11T14:23:48","date_gmt":"2019-11-11T13:23:48","guid":{"rendered":"https:\/\/www.sartrouville-escalade.fr\/worexp\/?post_type=product&#038;p=5440"},"modified":"2020-03-01T20:43:28","modified_gmt":"2020-03-01T19:43:28","slug":"sweat-enfant","status":"publish","type":"product","link":"https:\/\/www.sartrouville-escalade.fr\/worexp\/index.php\/produit\/sweat-enfant\/","title":{"rendered":"Sweat enfant"},"content":{"rendered":"<ul id=\"productInfo\">\n<li><b>Maille<\/b>: 80% coton, 20% polyester<\/li>\n<li><b>Poids:<\/b> 280gr\/m\u00b2<\/li>\n<\/ul>\n<ul id=\"productBullets\">\n<li>Capuche double sans cordon, conforme avec la l\u00e9gislation Europ\u00e9enne pour les enfants<\/li>\n<li>Bande de propret\u00e9 en jersey<\/li>\n<li>Deux poches Kangourou<\/li>\n<li>Taille et poignets avec bord c\u00f4te en coton\/Lycra\u00ae<\/li>\n<\/ul>\n<ul id=\"productBullets\"><\/ul>\n<p><img loading=\"lazy\" decoding=\"async\" class=\"small_badge\" src=\"https:\/\/www.fruitoftheloom.fr\/images\/UI\/EthicalCotton.svg\" width=\"40\" height=\"40\" \/>\u00a0<img loading=\"lazy\" decoding=\"async\" class=\"small_badge\" src=\"https:\/\/www.fruitoftheloom.fr\/images\/UI\/FruitCode_logo_GREEN.svg\" width=\"40\" height=\"40\" \/>\u00a0<img loading=\"lazy\" decoding=\"async\" class=\"small_badge\" src=\"https:\/\/www.fruitoftheloom.fr\/images\/UI\/WRAPLogo.svg\" width=\"40\" height=\"40\" \/><\/p>\n","protected":false},"excerpt":{"rendered":"<p>Maille: 80% coton, 20% polyester Poids: 280gr\/m\u00b2 Capuche double sans cordon, conforme avec la l\u00e9gislation Europ\u00e9enne pour les enfants Bande de propret\u00e9 en jersey Deux poches Kangourou Taille et poignets &hellip; <a href=\"https:\/\/www.sartrouville-escalade.fr\/worexp\/index.php\/produit\/sweat-enfant\/\" class=\"more-link\">Continuer la lecture de <span class=\"screen-reader-text\">Sweat enfant<\/span>  <span class=\"meta-nav\">&rarr;<\/span><\/a><\/p>\n","protected":false},"featured_media":0,"template":"","meta":{"_bbp_topic_count":0,"_bbp_reply_count":0,"_bbp_total_topic_count":0,"_bbp_total_reply_count":0,"_bbp_voice_count":0,"_bbp_anonymous_reply_count":0,"_bbp_topic_count_hidden":0,"_bbp_reply_count_hidden":0,"_bbp_forum_subforum_count":0},"product_brand":[],"product_cat":[83,80],"product_tag":[],"class_list":{"0":"post-5440","1":"product","2":"type-product","3":"status-publish","5":"product_cat-sweat_enfant","6":"product_cat-sweats","8":"first","9":"outofstock","10":"shipping-taxable","11":"purchasable","12":"product-type-variable"},"post_mailing_queue_ids":[],"_links":{"self":[{"href":"https:\/\/www.sartrouville-escalade.fr\/worexp\/index.php\/wp-json\/wp\/v2\/product\/5440","targetHints":{"allow":["GET"]}}],"collection":[{"href":"https:\/\/www.sartrouville-escalade.fr\/worexp\/index.php\/wp-json\/wp\/v2\/product"}],"about":[{"href":"https:\/\/www.sartrouville-escalade.fr\/worexp\/index.php\/wp-json\/wp\/v2\/types\/product"}],"wp:attachment":[{"href":"https:\/\/www.sartrouville-escalade.fr\/worexp\/index.php\/wp-json\/wp\/v2\/media?parent=5440"}],"wp:term":[{"taxonomy":"product_brand","embeddable":true,"href":"https:\/\/www.sartrouville-escalade.fr\/worexp\/index.php\/wp-json\/wp\/v2\/product_brand?post=5440"},{"taxonomy":"product_cat","embeddable":true,"href":"https:\/\/www.sartrouville-escalade.fr\/worexp\/index.php\/wp-json\/wp\/v2\/product_cat?post=5440"},{"taxonomy":"product_tag","embeddable":true,"href":"https:\/\/www.sartrouville-escalade.fr\/worexp\/index.php\/wp-json\/wp\/v2\/product_tag?post=5440"}],"curies":[{"name":"wp","href":"https:\/\/api.w.org\/{rel}","templated":true}]}}